{"id":4861,"date":"2021-01-31T14:39:27","date_gmt":"2021-01-31T13:39:27","guid":{"rendered":"http:\/\/leopacquelet.com\/?page_id=4861"},"modified":"2024-06-15T16:04:52","modified_gmt":"2024-06-15T14:04:52","slug":"leo-pacquelet","status":"publish","type":"page","link":"http:\/\/leopacquelet.com\/","title":{"rendered":"Accueil"},"content":{"rendered":"\t\t<div data-elementor-type=\"wp-page\" data-elementor-id=\"4861\" class=\"elementor elementor-4861\">\n\t\t\t\t\t\t\t\t\t<section class=\"elementor-section elementor-top-section elementor-element elementor-element-4fb2af6 elementor-section-boxed elementor-section-height-default elementor-section-height-default\" data-id=\"4fb2af6\" data-element_type=\"section\">\n\t\t\t\t\t\t<div class=\"elementor-container elementor-column-gap-default\">\n\t\t\t\t\t<div class=\"elementor-column elementor-col-100 elementor-top-column elementor-element elementor-element-4e7f4ed\" data-id=\"4e7f4ed\" data-element_type=\"column\">\n\t\t\t<div class=\"elementor-widget-wrap elementor-element-populated\">\n\t\t\t\t\t\t\t\t\t<\/div>\n\t\t<\/div>\n\t\t\t\t\t\t\t<\/div>\n\t\t<\/section>\n\t\t\t\t<section class=\"elementor-section elementor-top-section elementor-element elementor-element-3247ece elementor-section-boxed elementor-section-height-default elementor-section-height-default\" data-id=\"3247ece\" data-element_type=\"section\">\n\t\t\t\t\t\t<div class=\"elementor-container elementor-column-gap-default\">\n\t\t\t\t\t<div class=\"elementor-column elementor-col-50 elementor-top-column elementor-element elementor-element-18bc7fa\" data-id=\"18bc7fa\" data-element_type=\"column\">\n\t\t\t<div class=\"elementor-widget-wrap elementor-element-populated\">\n\t\t\t\t\t\t\t\t<div class=\"elementor-element elementor-element-0e077c5 elementor-widget elementor-widget-image\" data-id=\"0e077c5\" data-element_type=\"widget\" data-widget_type=\"image.default\">\n\t\t\t\t<div class=\"elementor-widget-container\">\n\t\t\t\t\t\t\t\t\t\t\t\t\t\t\t\t<a href=\"https:\/\/www.mallgalleries.org.uk\/exhibitions-events\/david-shepherd-wildlife-foundation-wildlife-artist-year\" target=\"_blank\">\n\t\t\t\t\t\t\t<img fetchpriority=\"high\" decoding=\"async\" width=\"945\" height=\"945\" src=\"https:\/\/leopacquelet.com\/wp-content\/uploads\/2024\/05\/Picture-with-WAY-template-1024x1024.jpg\" class=\"attachment-large size-large wp-image-7007\" alt=\"\" srcset=\"https:\/\/leopacquelet.com\/wp-content\/uploads\/2024\/05\/Picture-with-WAY-template-1024x1024.jpg 1024w, https:\/\/leopacquelet.com\/wp-content\/uploads\/2024\/05\/Picture-with-WAY-template-300x300.jpg 300w, https:\/\/leopacquelet.com\/wp-content\/uploads\/2024\/05\/Picture-with-WAY-template-150x150.jpg 150w, https:\/\/leopacquelet.com\/wp-content\/uploads\/2024\/05\/Picture-with-WAY-template-768x768.jpg 768w, https:\/\/leopacquelet.com\/wp-content\/uploads\/2024\/05\/Picture-with-WAY-template-1536x1536.jpg 1536w, https:\/\/leopacquelet.com\/wp-content\/uploads\/2024\/05\/Picture-with-WAY-template-2048x2048.jpg 2048w, https:\/\/leopacquelet.com\/wp-content\/uploads\/2024\/05\/Picture-with-WAY-template-468x468.jpg 468w, https:\/\/leopacquelet.com\/wp-content\/uploads\/2024\/05\/Picture-with-WAY-template-1612x1612.jpg 1612w, https:\/\/leopacquelet.com\/wp-content\/uploads\/2024\/05\/Picture-with-WAY-template-1116x1116.jpg 1116w, https:\/\/leopacquelet.com\/wp-content\/uploads\/2024\/05\/Picture-with-WAY-template-806x806.jpg 806w, https:\/\/leopacquelet.com\/wp-content\/uploads\/2024\/05\/Picture-with-WAY-template-558x558.jpg 558w, https:\/\/leopacquelet.com\/wp-content\/uploads\/2024\/05\/Picture-with-WAY-template-655x655.jpg 655w, https:\/\/leopacquelet.com\/wp-content\/uploads\/2024\/05\/Picture-with-WAY-template-550x550.jpg 550w, https:\/\/leopacquelet.com\/wp-content\/uploads\/2024\/05\/Picture-with-WAY-template-820x820.jpg 820w, https:\/\/leopacquelet.com\/wp-content\/uploads\/2024\/05\/Picture-with-WAY-template-220x220.jpg 220w\" sizes=\"(max-width: 945px) 100vw, 945px\" \/>\t\t\t\t\t\t\t\t<\/a>\n\t\t\t\t\t\t\t\t\t\t\t\t\t\t\t<\/div>\n\t\t\t\t<\/div>\n\t\t\t\t\t<\/div>\n\t\t<\/div>\n\t\t\t\t<div class=\"elementor-column elementor-col-50 elementor-top-column elementor-element elementor-element-81fd76c\" data-id=\"81fd76c\" data-element_type=\"column\">\n\t\t\t<div class=\"elementor-widget-wrap elementor-element-populated\">\n\t\t\t\t\t\t\t\t<div class=\"elementor-element elementor-element-ca9c533 elementor-widget elementor-widget-text-editor\" data-id=\"ca9c533\" data-element_type=\"widget\" data-widget_type=\"text-editor.default\">\n\t\t\t\t<div class=\"elementor-widget-container\">\n\t\t\t\t\t\t\t<p data-elementor-setting-key=\"title\" data-pen-placeholder=\"Type Here...\"><span style=\"color: #333333;\">EXPOSITION<\/span><\/p><p class=\"elementor-heading-title elementor-size-default elementor-inline-editing pen\" data-elementor-setting-key=\"title\" data-pen-placeholder=\"Type Here...\"><span style=\"color: #333333;\">Avec mon Orang-outan on part faire une vir\u00e9e \u00e0 Londres! Ma sculpture a \u00e9t\u00e9 s\u00e9lectionn\u00e9e pour la prestigieuse exposition David Shepherd Wildlife Artist of the year 2024.<\/span><\/p><p data-elementor-setting-key=\"title\" data-pen-placeholder=\"Type Here...\">\u00a0<\/p><p class=\"elementor-heading-title elementor-size-default elementor-inline-editing pen\" data-elementor-setting-key=\"title\" data-pen-placeholder=\"Type Here...\"><span style=\"color: #333333;\">Rendez-vous du 1 au 6 juillet \u00e0 la <\/span><a href=\"https:\/\/www.mallgalleries.org.uk\/exhibitions-events\/david-shepherd-wildlife-foundation-wildlife-artist-year\" target=\"_blank\" rel=\"noopener\">Mall Galleries<\/a><span style=\"color: #333333;\"> en plein c\u0153ur de Londres.<\/span><br \/><br \/><a href=\"https:\/\/davidshepherd.org\/\" target=\"_blank\" rel=\"noopener\">David Shepherd Wildlife Foundation<\/a><span style=\"color: #333333;\"> est une organisation caritative de conservation de la faune et de la flore sauvages. Elle op\u00e8re en Afrique et en Asie pour mettre fin \u00e0 la criminalit\u00e9 li\u00e9e \u00e0 la faune et la flore sauvages et prot\u00e9ger les esp\u00e8ces menac\u00e9es d&#8217;extinction dans leur habitat naturel.<\/span><\/p>\t\t\t\t\t\t<\/div>\n\t\t\t\t<\/div>\n\t\t\t\t\t<\/div>\n\t\t<\/div>\n\t\t\t\t\t\t\t<\/div>\n\t\t<\/section>\n\t\t\t\t<section class=\"elementor-section elementor-top-section elementor-element elementor-element-e5ac822 elementor-section-boxed elementor-section-height-default elementor-section-height-default\" data-id=\"e5ac822\" data-element_type=\"section\">\n\t\t\t\t\t\t<div class=\"elementor-container elementor-column-gap-default\">\n\t\t\t\t\t<div class=\"elementor-column elementor-col-100 elementor-top-column elementor-element elementor-element-ef86aec\" data-id=\"ef86aec\" data-element_type=\"column\">\n\t\t\t<div class=\"elementor-widget-wrap elementor-element-populated\">\n\t\t\t\t\t\t\t\t<div class=\"elementor-element elementor-element-90c65d2 elementor-widget elementor-widget-video\" data-id=\"90c65d2\" data-element_type=\"widget\" data-settings=\"{&quot;youtube_url&quot;:&quot;https:\\\/\\\/youtu.be\\\/_T5DwDNLNnc&quot;,&quot;autoplay&quot;:&quot;yes&quot;,&quot;mute&quot;:&quot;yes&quot;,&quot;play_on_mobile&quot;:&quot;yes&quot;,&quot;loop&quot;:&quot;yes&quot;,&quot;video_type&quot;:&quot;youtube&quot;}\" data-widget_type=\"video.default\">\n\t\t\t\t<div class=\"elementor-widget-container\">\n\t\t\t\t\t<div class=\"elementor-wrapper elementor-open-inline\">\n\t\t\t<div class=\"elementor-video\"><\/div>\t\t<\/div>\n\t\t\t\t<\/div>\n\t\t\t\t<\/div>\n\t\t\t\t\t<\/div>\n\t\t<\/div>\n\t\t\t\t\t\t\t<\/div>\n\t\t<\/section>\n\t\t\t\t<section class=\"elementor-section elementor-top-section elementor-element elementor-element-ad4d1e7 elementor-section-boxed elementor-section-height-default elementor-section-height-default\" data-id=\"ad4d1e7\" data-element_type=\"section\">\n\t\t\t\t\t\t<div class=\"elementor-container elementor-column-gap-default\">\n\t\t\t\t\t<div class=\"elementor-column elementor-col-100 elementor-top-column elementor-element elementor-element-6631ade\" data-id=\"6631ade\" data-element_type=\"column\">\n\t\t\t<div class=\"elementor-widget-wrap elementor-element-populated\">\n\t\t\t\t\t\t\t\t<div class=\"elementor-element elementor-element-43b5d44 elementor-widget elementor-widget-video\" data-id=\"43b5d44\" data-element_type=\"widget\" data-settings=\"{&quot;youtube_url&quot;:&quot;https:\\\/\\\/www.youtube.com\\\/watch?v=LPqWAoxU1NY&amp;t=62s&quot;,&quot;autoplay&quot;:&quot;yes&quot;,&quot;play_on_mobile&quot;:&quot;yes&quot;,&quot;mute&quot;:&quot;yes&quot;,&quot;loop&quot;:&quot;yes&quot;,&quot;video_type&quot;:&quot;youtube&quot;}\" data-widget_type=\"video.default\">\n\t\t\t\t<div class=\"elementor-widget-container\">\n\t\t\t\t\t<div class=\"elementor-wrapper elementor-open-inline\">\n\t\t\t<div class=\"elementor-video\"><\/div>\t\t<\/div>\n\t\t\t\t<\/div>\n\t\t\t\t<\/div>\n\t\t\t\t\t<\/div>\n\t\t<\/div>\n\t\t\t\t\t\t\t<\/div>\n\t\t<\/section>\n\t\t\t\t<section class=\"elementor-section elementor-top-section elementor-element elementor-element-58eba47 elementor-section-boxed elementor-section-height-default elementor-section-height-default\" data-id=\"58eba47\" data-element_type=\"section\">\n\t\t\t\t\t\t<div class=\"elementor-container elementor-column-gap-default\">\n\t\t\t\t\t<div class=\"elementor-column elementor-col-100 elementor-top-column elementor-element elementor-element-2d8b9c3\" data-id=\"2d8b9c3\" data-element_type=\"column\">\n\t\t\t<div class=\"elementor-widget-wrap elementor-element-populated\">\n\t\t\t\t\t\t\t\t<div class=\"elementor-element elementor-element-caebf63 elementor-widget elementor-widget-video\" data-id=\"caebf63\" data-element_type=\"widget\" data-settings=\"{&quot;youtube_url&quot;:&quot;https:\\\/\\\/youtu.be\\\/cCUwR827knI&quot;,&quot;autoplay&quot;:&quot;yes&quot;,&quot;play_on_mobile&quot;:&quot;yes&quot;,&quot;mute&quot;:&quot;yes&quot;,&quot;loop&quot;:&quot;yes&quot;,&quot;video_type&quot;:&quot;youtube&quot;}\" data-widget_type=\"video.default\">\n\t\t\t\t<div class=\"elementor-widget-container\">\n\t\t\t\t\t<div class=\"elementor-wrapper elementor-open-inline\">\n\t\t\t<div class=\"elementor-video\"><\/div>\t\t<\/div>\n\t\t\t\t<\/div>\n\t\t\t\t<\/div>\n\t\t\t\t\t<\/div>\n\t\t<\/div>\n\t\t\t\t\t\t\t<\/div>\n\t\t<\/section>\n\t\t\t\t<section class=\"elementor-section elementor-top-section elementor-element elementor-element-858fcbf elementor-section-boxed elementor-section-height-default elementor-section-height-default\" data-id=\"858fcbf\" data-element_type=\"section\">\n\t\t\t\t\t\t<div class=\"elementor-container elementor-column-gap-default\">\n\t\t\t\t\t<div class=\"elementor-column elementor-col-100 elementor-top-column elementor-element elementor-element-83c25e0\" data-id=\"83c25e0\" data-element_type=\"column\">\n\t\t\t<div class=\"elementor-widget-wrap\">\n\t\t\t\t\t\t\t\t\t<\/div>\n\t\t<\/div>\n\t\t\t\t\t\t\t<\/div>\n\t\t<\/section>\n\t\t\t\t\t\t\t<\/div>\n\t\t","protected":false},"excerpt":{"rendered":"<p>EXPOSITION Avec mon Orang-outan on part faire une vir\u00e9e \u00e0 Londres! Ma sculpture a \u00e9t\u00e9 s\u00e9lectionn\u00e9e pour la prestigieuse exposition David Shepherd Wildlife Artist of the year 2024. \u00a0 Rendez-vous du 1 au 6 juillet \u00e0 la Mall Galleries en plein c\u0153ur de Londres. David Shepherd Wildlife Foundation est une organisation caritative de conservation de&hellip;<\/p>\n","protected":false},"author":1,"featured_media":0,"parent":0,"menu_order":0,"comment_status":"closed","ping_status":"closed","template":"","meta":{"om_disable_all_campaigns":false,"_monsterinsights_skip_tracking":false,"_monsterinsights_sitenote_active":false,"_monsterinsights_sitenote_note":"","_monsterinsights_sitenote_category":0,"footnotes":""},"folder":[],"acf":[],"aioseo_notices":[],"yoast_head":"<!-- This site is optimized with the Yoast SEO plugin v21.7 - https:\/\/yoast.com\/wordpress\/plugins\/seo\/ -->\n<title>Accueil - Leo Pacquelet<\/title>\n<meta name=\"description\" content=\"Leo Pacquelet est un sculpteur sur bois fran\u00e7ais\" \/>\n<meta name=\"robots\" content=\"index, follow, max-snippet:-1, max-image-preview:large, max-video-preview:-1\" \/>\n<link rel=\"canonical\" href=\"http:\/\/leopacquelet.com\/\" \/>\n<meta property=\"og:locale\" content=\"en_US\" \/>\n<meta property=\"og:type\" content=\"article\" \/>\n<meta property=\"og:title\" content=\"Accueil - Leo Pacquelet\" \/>\n<meta property=\"og:description\" content=\"Leo Pacquelet est un sculpteur sur bois fran\u00e7ais\" \/>\n<meta property=\"og:url\" content=\"http:\/\/leopacquelet.com\/\" \/>\n<meta property=\"og:site_name\" content=\"Leo Pacquelet\" \/>\n<meta property=\"article:modified_time\" content=\"2024-06-15T14:04:52+00:00\" \/>\n<meta property=\"og:image\" content=\"http:\/\/leopacquelet.com\/wp-content\/uploads\/2024\/05\/Picture-with-WAY-template-1024x1024.jpg\" \/>\n<meta name=\"twitter:card\" content=\"summary_large_image\" \/>\n<meta name=\"twitter:label1\" content=\"Est. reading time\" \/>\n\t<meta name=\"twitter:data1\" content=\"1 minute\" \/>\n<script type=\"application\/ld+json\" class=\"yoast-schema-graph\">{\"@context\":\"https:\/\/schema.org\",\"@graph\":[{\"@type\":\"WebPage\",\"@id\":\"http:\/\/leopacquelet.com\/\",\"url\":\"http:\/\/leopacquelet.com\/\",\"name\":\"Accueil - Leo Pacquelet\",\"isPartOf\":{\"@id\":\"https:\/\/leopacquelet.com\/#website\"},\"datePublished\":\"2021-01-31T13:39:27+00:00\",\"dateModified\":\"2024-06-15T14:04:52+00:00\",\"description\":\"Leo Pacquelet est un sculpteur sur bois fran\u00e7ais\",\"breadcrumb\":{\"@id\":\"http:\/\/leopacquelet.com\/#breadcrumb\"},\"inLanguage\":\"en-US\",\"potentialAction\":[{\"@type\":\"ReadAction\",\"target\":[\"http:\/\/leopacquelet.com\/\"]}]},{\"@type\":\"BreadcrumbList\",\"@id\":\"http:\/\/leopacquelet.com\/#breadcrumb\",\"itemListElement\":[{\"@type\":\"ListItem\",\"position\":1,\"name\":\"Accueil\",\"item\":\"http:\/\/leopacquelet.com\/\"},{\"@type\":\"ListItem\",\"position\":2,\"name\":\"Accueil\"}]},{\"@type\":\"WebSite\",\"@id\":\"https:\/\/leopacquelet.com\/#website\",\"url\":\"https:\/\/leopacquelet.com\/\",\"name\":\"Leo Pacquelet\",\"description\":\"Leo Pacquelet is a french woodcarver based in Belgium\",\"potentialAction\":[{\"@type\":\"SearchAction\",\"target\":{\"@type\":\"EntryPoint\",\"urlTemplate\":\"https:\/\/leopacquelet.com\/?s={search_term_string}\"},\"query-input\":\"required name=search_term_string\"}],\"inLanguage\":\"en-US\"}]}<\/script>\n<!-- \/ Yoast SEO plugin. -->","yoast_head_json":{"title":"Accueil - Leo Pacquelet","description":"Leo Pacquelet est un sculpteur sur bois fran\u00e7ais","robots":{"index":"index","follow":"follow","max-snippet":"max-snippet:-1","max-image-preview":"max-image-preview:large","max-video-preview":"max-video-preview:-1"},"canonical":"http:\/\/leopacquelet.com\/","og_locale":"en_US","og_type":"article","og_title":"Accueil - Leo Pacquelet","og_description":"Leo Pacquelet est un sculpteur sur bois fran\u00e7ais","og_url":"http:\/\/leopacquelet.com\/","og_site_name":"Leo Pacquelet","article_modified_time":"2024-06-15T14:04:52+00:00","og_image":[{"url":"http:\/\/leopacquelet.com\/wp-content\/uploads\/2024\/05\/Picture-with-WAY-template-1024x1024.jpg"}],"twitter_card":"summary_large_image","twitter_misc":{"Est. reading time":"1 minute"},"schema":{"@context":"https:\/\/schema.org","@graph":[{"@type":"WebPage","@id":"http:\/\/leopacquelet.com\/","url":"http:\/\/leopacquelet.com\/","name":"Accueil - Leo Pacquelet","isPartOf":{"@id":"https:\/\/leopacquelet.com\/#website"},"datePublished":"2021-01-31T13:39:27+00:00","dateModified":"2024-06-15T14:04:52+00:00","description":"Leo Pacquelet est un sculpteur sur bois fran\u00e7ais","breadcrumb":{"@id":"http:\/\/leopacquelet.com\/#breadcrumb"},"inLanguage":"en-US","potentialAction":[{"@type":"ReadAction","target":["http:\/\/leopacquelet.com\/"]}]},{"@type":"BreadcrumbList","@id":"http:\/\/leopacquelet.com\/#breadcrumb","itemListElement":[{"@type":"ListItem","position":1,"name":"Accueil","item":"http:\/\/leopacquelet.com\/"},{"@type":"ListItem","position":2,"name":"Accueil"}]},{"@type":"WebSite","@id":"https:\/\/leopacquelet.com\/#website","url":"https:\/\/leopacquelet.com\/","name":"Leo Pacquelet","description":"Leo Pacquelet is a french woodcarver based in Belgium","potentialAction":[{"@type":"SearchAction","target":{"@type":"EntryPoint","urlTemplate":"https:\/\/leopacquelet.com\/?s={search_term_string}"},"query-input":"required name=search_term_string"}],"inLanguage":"en-US"}]}},"_links":{"self":[{"href":"https:\/\/leopacquelet.com\/index.php\/wp-json\/wp\/v2\/pages\/4861"}],"collection":[{"href":"https:\/\/leopacquelet.com\/index.php\/wp-json\/wp\/v2\/pages"}],"about":[{"href":"https:\/\/leopacquelet.com\/index.php\/wp-json\/wp\/v2\/types\/page"}],"author":[{"embeddable":true,"href":"https:\/\/leopacquelet.com\/index.php\/wp-json\/wp\/v2\/users\/1"}],"replies":[{"embeddable":true,"href":"https:\/\/leopacquelet.com\/index.php\/wp-json\/wp\/v2\/comments?post=4861"}],"version-history":[{"count":71,"href":"https:\/\/leopacquelet.com\/index.php\/wp-json\/wp\/v2\/pages\/4861\/revisions"}],"predecessor-version":[{"id":7085,"href":"https:\/\/leopacquelet.com\/index.php\/wp-json\/wp\/v2\/pages\/4861\/revisions\/7085"}],"wp:attachment":[{"href":"https:\/\/leopacquelet.com\/index.php\/wp-json\/wp\/v2\/media?parent=4861"}],"wp:term":[{"taxonomy":"folder","embeddable":true,"href":"https:\/\/leopacquelet.com\/index.php\/wp-json\/wp\/v2\/folder?post=4861"}],"curies":[{"name":"wp","href":"https:\/\/api.w.org\/{rel}","templated":true}]}}