{"id":4717,"date":"2021-01-30T20:36:36","date_gmt":"2021-01-30T19:36:36","guid":{"rendered":"http:\/\/leopacquelet.com\/?page_id=4717"},"modified":"2024-06-15T16:09:49","modified_gmt":"2024-06-15T14:09:49","slug":"a-propos","status":"publish","type":"page","link":"https:\/\/leopacquelet.com\/index.php\/a-propos\/","title":{"rendered":"A propos"},"content":{"rendered":"\t\t<div data-elementor-type=\"wp-page\" data-elementor-id=\"4717\" class=\"elementor elementor-4717\">\n\t\t\t\t\t\t\t\t\t<section class=\"elementor-section elementor-top-section elementor-element elementor-element-33df751 elementor-section-height-min-height elementor-section-boxed elementor-section-height-default elementor-section-items-middle\" data-id=\"33df751\" data-element_type=\"section\">\n\t\t\t\t\t\t<div class=\"elementor-container elementor-column-gap-default\">\n\t\t\t\t\t<div class=\"elementor-column elementor-col-50 elementor-top-column elementor-element elementor-element-23a0963 animated-slow elementor-invisible\" data-id=\"23a0963\" data-element_type=\"column\" data-settings=\"{&quot;background_background&quot;:&quot;slideshow&quot;,&quot;animation&quot;:&quot;fadeIn&quot;,&quot;background_slideshow_gallery&quot;:[],&quot;background_slideshow_loop&quot;:&quot;yes&quot;,&quot;background_slideshow_slide_duration&quot;:5000,&quot;background_slideshow_slide_transition&quot;:&quot;fade&quot;,&quot;background_slideshow_transition_duration&quot;:500}\">\n\t\t\t<div class=\"elementor-widget-wrap elementor-element-populated\">\n\t\t\t\t\t\t\t\t<div class=\"elementor-element elementor-element-06d6cd4 elementor-widget__width-initial elementor-widget elementor-widget-image\" data-id=\"06d6cd4\" data-element_type=\"widget\" data-widget_type=\"image.default\">\n\t\t\t\t<div class=\"elementor-widget-container\">\n\t\t\t\t\t\t\t\t\t\t\t\t\t\t\t<img fetchpriority=\"high\" decoding=\"async\" width=\"1920\" height=\"2560\" src=\"https:\/\/leopacquelet.com\/wp-content\/uploads\/2024\/03\/IMG_20240320_163312_TIMEBURST3-scaled.jpg\" class=\"attachment-full size-full wp-image-7002\" alt=\"\" srcset=\"https:\/\/leopacquelet.com\/wp-content\/uploads\/2024\/03\/IMG_20240320_163312_TIMEBURST3-scaled.jpg 1920w, https:\/\/leopacquelet.com\/wp-content\/uploads\/2024\/03\/IMG_20240320_163312_TIMEBURST3-225x300.jpg 225w, https:\/\/leopacquelet.com\/wp-content\/uploads\/2024\/03\/IMG_20240320_163312_TIMEBURST3-768x1024.jpg 768w, https:\/\/leopacquelet.com\/wp-content\/uploads\/2024\/03\/IMG_20240320_163312_TIMEBURST3-1152x1536.jpg 1152w, https:\/\/leopacquelet.com\/wp-content\/uploads\/2024\/03\/IMG_20240320_163312_TIMEBURST3-1536x2048.jpg 1536w, https:\/\/leopacquelet.com\/wp-content\/uploads\/2024\/03\/IMG_20240320_163312_TIMEBURST3-1612x2149.jpg 1612w, https:\/\/leopacquelet.com\/wp-content\/uploads\/2024\/03\/IMG_20240320_163312_TIMEBURST3-1116x1488.jpg 1116w, https:\/\/leopacquelet.com\/wp-content\/uploads\/2024\/03\/IMG_20240320_163312_TIMEBURST3-806x1075.jpg 806w, https:\/\/leopacquelet.com\/wp-content\/uploads\/2024\/03\/IMG_20240320_163312_TIMEBURST3-558x744.jpg 558w, https:\/\/leopacquelet.com\/wp-content\/uploads\/2024\/03\/IMG_20240320_163312_TIMEBURST3-655x873.jpg 655w, https:\/\/leopacquelet.com\/wp-content\/uploads\/2024\/03\/IMG_20240320_163312_TIMEBURST3-550x733.jpg 550w, https:\/\/leopacquelet.com\/wp-content\/uploads\/2024\/03\/IMG_20240320_163312_TIMEBURST3-820x1093.jpg 820w\" sizes=\"(max-width: 1920px) 100vw, 1920px\" \/>\t\t\t\t\t\t\t\t\t\t\t\t\t\t\t<\/div>\n\t\t\t\t<\/div>\n\t\t\t\t\t<\/div>\n\t\t<\/div>\n\t\t\t\t<div class=\"elementor-column elementor-col-50 elementor-top-column elementor-element elementor-element-7e30ded animated-slow elementor-invisible\" data-id=\"7e30ded\" data-element_type=\"column\" data-settings=\"{&quot;background_background&quot;:&quot;classic&quot;,&quot;animation&quot;:&quot;fadeIn&quot;}\">\n\t\t\t<div class=\"elementor-widget-wrap elementor-element-populated\">\n\t\t\t\t\t\t\t\t<div class=\"elementor-element elementor-element-b00f7e8 animated-slow elementor-invisible elementor-widget elementor-widget-text-editor\" data-id=\"b00f7e8\" data-element_type=\"widget\" data-settings=\"{&quot;_animation&quot;:&quot;fadeIn&quot;}\" data-widget_type=\"text-editor.default\">\n\t\t\t\t<div class=\"elementor-widget-container\">\n\t\t\t\t\t\t\t<p><span style=\"color: #333333;\">Dipl\u00f4m\u00e9 des Beaux-Arts de Lyon et de Montpellier en 2013, j&#8217;ai ensuite fait un post-master en cin\u00e9ma et art contemporain au Fresnoy, dans le nord de la France, suivi d&#8217;une formation professionnelle en construction de d\u00e9cors pour le th\u00e9\u00e2tre et le cin\u00e9ma \u00e0 Paris.<\/span><\/p><p><span style=\"color: #333333;\">Depuis, je travaille dans le secteur de la construction de d\u00e9cors. A c\u00f4t\u00e9 de cela, j&#8217;ai d\u00e9velopp\u00e9 une passion pour la sculpture sur bois qui s&#8217;est amplifi\u00e9e au cours des 6 derni\u00e8res ann\u00e9es.\u00a0Mon inspiration principale est le monde sauvage et le corps animal.\u00a0<\/span><\/p><p><span style=\"color: #333333;\">Pour moi, chaque sculpture est un travail d\u2019endurance et s\u2019apparente \u00e0 une longue marche en itin\u00e9rance pendant laquelle je piste l\u2019animal \u00e0 travers la densit\u00e9 de la mati\u00e8re. Orient\u00e9 par mes croquis et mes mod\u00e8les en argile que j\u2019utilise comme des cartes et des balises, mes gouges me servent \u00e0 me frayer un chemin en tranchant les fibres du bois.\u00a0\u00a0<\/span><\/p><p><span style=\"color: #333333;\">Copeau apr\u00e8s copeau, une \u00e9chine se dessine, un regard s\u2019aff\u00fbte, des traits de caract\u00e8res se pr\u00e9cisent.<\/span><\/p><p><span style=\"color: #333333;\">Habit\u00e9 par le souci du d\u00e9tail, mon objectif est de capter un certain mouvement, de saisir une attitude et une pr\u00e9sence propre au sujet.\u00a0<\/span><\/p><p><span style=\"color: #333333;\">La marche se ralentit et se ponctue de moments de contemplation, de prises de distance pour mieux voir. Puis arrive un travail d\u2019\u00e9puration et d\u2019harmonisation des lignes et des volumes dans le but de r\u00e9v\u00e9ler le caract\u00e8re de l\u2019essence de bois utilis\u00e9e, son grain, ses nuances, son langage.<\/span><\/p><p><span style=\"color: #333333;\">Face \u00e0 l&#8217;agitation du monde ambiant, je mets un point d&#8217;honneur \u00e0 travailler principalement avec des outils \u00e0 main. Cela me plonge dans une temporalit\u00e9 plus juste, le geste sur la mati\u00e8re devient plus honn\u00eate, le calme s&#8217;installe.<br \/><\/span><\/p><p><span style=\"color: #333333;\">Passionn\u00e9 par tous les aspects du travail du bois, je r\u00e9alise aussi des objets, des bijoux et du mobilier.<br \/><\/span><\/p>\t\t\t\t\t\t<\/div>\n\t\t\t\t<\/div>\n\t\t\t\t\t<\/div>\n\t\t<\/div>\n\t\t\t\t\t\t\t<\/div>\n\t\t<\/section>\n\t\t\t\t<section class=\"elementor-section elementor-top-section elementor-element elementor-element-b05972d elementor-section-boxed elementor-section-height-default elementor-section-height-default\" data-id=\"b05972d\" data-element_type=\"section\">\n\t\t\t\t\t\t<div class=\"elementor-container elementor-column-gap-default\">\n\t\t\t\t\t<div class=\"elementor-column elementor-col-100 elementor-top-column elementor-element elementor-element-40dd401\" data-id=\"40dd401\" data-element_type=\"column\">\n\t\t\t<div class=\"elementor-widget-wrap elementor-element-populated\">\n\t\t\t\t\t\t\t\t<div class=\"elementor-element elementor-element-efd0fc1 elementor-widget__width-initial elementor-widget elementor-widget-image\" data-id=\"efd0fc1\" data-element_type=\"widget\" data-widget_type=\"image.default\">\n\t\t\t\t<div class=\"elementor-widget-container\">\n\t\t\t\t\t\t\t\t\t\t\t\t\t\t\t<img decoding=\"async\" width=\"1482\" height=\"635\" src=\"https:\/\/leopacquelet.com\/wp-content\/uploads\/2023\/10\/IMG_20230220_165645-1482x635.jpg\" class=\"attachment-blog-single-1 size-blog-single-1 wp-image-6493\" alt=\"\" \/>\t\t\t\t\t\t\t\t\t\t\t\t\t\t\t<\/div>\n\t\t\t\t<\/div>\n\t\t\t\t\t<\/div>\n\t\t<\/div>\n\t\t\t\t\t\t\t<\/div>\n\t\t<\/section>\n\t\t\t\t<section class=\"elementor-section elementor-top-section elementor-element elementor-element-ea0ce52 elementor-section-boxed elementor-section-height-default elementor-section-height-default\" data-id=\"ea0ce52\" data-element_type=\"section\">\n\t\t\t\t\t\t<div class=\"elementor-container elementor-column-gap-default\">\n\t\t\t\t\t<div class=\"elementor-column elementor-col-100 elementor-top-column elementor-element elementor-element-1b5ea2d\" data-id=\"1b5ea2d\" data-element_type=\"column\">\n\t\t\t<div class=\"elementor-widget-wrap\">\n\t\t\t\t\t\t\t\t\t<\/div>\n\t\t<\/div>\n\t\t\t\t\t\t\t<\/div>\n\t\t<\/section>\n\t\t\t\t\t\t\t<\/div>\n\t\t","protected":false},"excerpt":{"rendered":"<p>Dipl\u00f4m\u00e9 des Beaux-Arts de Lyon et de Montpellier en 2013, j&#8217;ai ensuite fait un post-master en cin\u00e9ma et art contemporain au Fresnoy, dans le nord de la France, suivi d&#8217;une formation professionnelle en construction de d\u00e9cors pour le th\u00e9\u00e2tre et le cin\u00e9ma \u00e0 Paris. Depuis, je travaille dans le secteur de la construction de d\u00e9cors.&hellip;<\/p>\n","protected":false},"author":1,"featured_media":0,"parent":0,"menu_order":0,"comment_status":"closed","ping_status":"closed","template":"elementor_header_footer","meta":{"om_disable_all_campaigns":false,"_monsterinsights_skip_tracking":false,"_monsterinsights_sitenote_active":false,"_monsterinsights_sitenote_note":"","_monsterinsights_sitenote_category":0,"footnotes":""},"folder":[],"acf":[],"aioseo_notices":[],"yoast_head":"<!-- This site is optimized with the Yoast SEO plugin v21.7 - https:\/\/yoast.com\/wordpress\/plugins\/seo\/ -->\n<title>A propos - Leo Pacquelet L\u00e9o Pacquelet<\/title>\n<meta name=\"description\" content=\"L\u00e9o Pacquelet est un sculpteur sur bois bas\u00e9 en Belgique\/ Leo Pacquelet is a french wood carver based in Belgium\" \/>\n<meta name=\"robots\" content=\"index, follow, max-snippet:-1, max-image-preview:large, max-video-preview:-1\" \/>\n<link rel=\"canonical\" href=\"https:\/\/leopacquelet.com\/index.php\/a-propos\/\" \/>\n<meta property=\"og:locale\" content=\"en_US\" \/>\n<meta property=\"og:type\" content=\"article\" \/>\n<meta property=\"og:title\" content=\"A propos - Leo Pacquelet L\u00e9o Pacquelet\" \/>\n<meta property=\"og:description\" content=\"L\u00e9o Pacquelet est un sculpteur sur bois bas\u00e9 en Belgique\/ Leo Pacquelet is a french wood carver based in Belgium\" \/>\n<meta property=\"og:url\" content=\"https:\/\/leopacquelet.com\/index.php\/a-propos\/\" \/>\n<meta property=\"og:site_name\" content=\"Leo Pacquelet\" \/>\n<meta property=\"article:modified_time\" content=\"2024-06-15T14:09:49+00:00\" \/>\n<meta property=\"og:image\" content=\"http:\/\/leopacquelet.com\/wp-content\/uploads\/2024\/03\/IMG_20240320_163312_TIMEBURST3-scaled.jpg\" \/>\n<meta name=\"twitter:card\" content=\"summary_large_image\" \/>\n<meta name=\"twitter:label1\" content=\"Est. reading time\" \/>\n\t<meta name=\"twitter:data1\" content=\"2 minutes\" \/>\n<script type=\"application\/ld+json\" class=\"yoast-schema-graph\">{\"@context\":\"https:\/\/schema.org\",\"@graph\":[{\"@type\":\"WebPage\",\"@id\":\"https:\/\/leopacquelet.com\/index.php\/a-propos\/\",\"url\":\"https:\/\/leopacquelet.com\/index.php\/a-propos\/\",\"name\":\"A propos - Leo Pacquelet L\u00e9o Pacquelet\",\"isPartOf\":{\"@id\":\"https:\/\/leopacquelet.com\/#website\"},\"datePublished\":\"2021-01-30T19:36:36+00:00\",\"dateModified\":\"2024-06-15T14:09:49+00:00\",\"description\":\"L\u00e9o Pacquelet est un sculpteur sur bois bas\u00e9 en Belgique\/ Leo Pacquelet is a french wood carver based in Belgium\",\"breadcrumb\":{\"@id\":\"https:\/\/leopacquelet.com\/index.php\/a-propos\/#breadcrumb\"},\"inLanguage\":\"en-US\",\"potentialAction\":[{\"@type\":\"ReadAction\",\"target\":[\"https:\/\/leopacquelet.com\/index.php\/a-propos\/\"]}]},{\"@type\":\"BreadcrumbList\",\"@id\":\"https:\/\/leopacquelet.com\/index.php\/a-propos\/#breadcrumb\",\"itemListElement\":[{\"@type\":\"ListItem\",\"position\":1,\"name\":\"Accueil\",\"item\":\"http:\/\/leopacquelet.com\/\"},{\"@type\":\"ListItem\",\"position\":2,\"name\":\"A propos\"}]},{\"@type\":\"WebSite\",\"@id\":\"https:\/\/leopacquelet.com\/#website\",\"url\":\"https:\/\/leopacquelet.com\/\",\"name\":\"Leo Pacquelet\",\"description\":\"Leo Pacquelet is a french woodcarver based in Belgium\",\"potentialAction\":[{\"@type\":\"SearchAction\",\"target\":{\"@type\":\"EntryPoint\",\"urlTemplate\":\"https:\/\/leopacquelet.com\/?s={search_term_string}\"},\"query-input\":\"required name=search_term_string\"}],\"inLanguage\":\"en-US\"}]}<\/script>\n<!-- \/ Yoast SEO plugin. -->","yoast_head_json":{"title":"A propos - Leo Pacquelet L\u00e9o Pacquelet","description":"L\u00e9o Pacquelet est un sculpteur sur bois bas\u00e9 en Belgique\/ Leo Pacquelet is a french wood carver based in Belgium","robots":{"index":"index","follow":"follow","max-snippet":"max-snippet:-1","max-image-preview":"max-image-preview:large","max-video-preview":"max-video-preview:-1"},"canonical":"https:\/\/leopacquelet.com\/index.php\/a-propos\/","og_locale":"en_US","og_type":"article","og_title":"A propos - Leo Pacquelet L\u00e9o Pacquelet","og_description":"L\u00e9o Pacquelet est un sculpteur sur bois bas\u00e9 en Belgique\/ Leo Pacquelet is a french wood carver based in Belgium","og_url":"https:\/\/leopacquelet.com\/index.php\/a-propos\/","og_site_name":"Leo Pacquelet","article_modified_time":"2024-06-15T14:09:49+00:00","og_image":[{"url":"http:\/\/leopacquelet.com\/wp-content\/uploads\/2024\/03\/IMG_20240320_163312_TIMEBURST3-scaled.jpg"}],"twitter_card":"summary_large_image","twitter_misc":{"Est. reading time":"2 minutes"},"schema":{"@context":"https:\/\/schema.org","@graph":[{"@type":"WebPage","@id":"https:\/\/leopacquelet.com\/index.php\/a-propos\/","url":"https:\/\/leopacquelet.com\/index.php\/a-propos\/","name":"A propos - Leo Pacquelet L\u00e9o Pacquelet","isPartOf":{"@id":"https:\/\/leopacquelet.com\/#website"},"datePublished":"2021-01-30T19:36:36+00:00","dateModified":"2024-06-15T14:09:49+00:00","description":"L\u00e9o Pacquelet est un sculpteur sur bois bas\u00e9 en Belgique\/ Leo Pacquelet is a french wood carver based in Belgium","breadcrumb":{"@id":"https:\/\/leopacquelet.com\/index.php\/a-propos\/#breadcrumb"},"inLanguage":"en-US","potentialAction":[{"@type":"ReadAction","target":["https:\/\/leopacquelet.com\/index.php\/a-propos\/"]}]},{"@type":"BreadcrumbList","@id":"https:\/\/leopacquelet.com\/index.php\/a-propos\/#breadcrumb","itemListElement":[{"@type":"ListItem","position":1,"name":"Accueil","item":"http:\/\/leopacquelet.com\/"},{"@type":"ListItem","position":2,"name":"A propos"}]},{"@type":"WebSite","@id":"https:\/\/leopacquelet.com\/#website","url":"https:\/\/leopacquelet.com\/","name":"Leo Pacquelet","description":"Leo Pacquelet is a french woodcarver based in Belgium","potentialAction":[{"@type":"SearchAction","target":{"@type":"EntryPoint","urlTemplate":"https:\/\/leopacquelet.com\/?s={search_term_string}"},"query-input":"required name=search_term_string"}],"inLanguage":"en-US"}]}},"_links":{"self":[{"href":"https:\/\/leopacquelet.com\/index.php\/wp-json\/wp\/v2\/pages\/4717"}],"collection":[{"href":"https:\/\/leopacquelet.com\/index.php\/wp-json\/wp\/v2\/pages"}],"about":[{"href":"https:\/\/leopacquelet.com\/index.php\/wp-json\/wp\/v2\/types\/page"}],"author":[{"embeddable":true,"href":"https:\/\/leopacquelet.com\/index.php\/wp-json\/wp\/v2\/users\/1"}],"replies":[{"embeddable":true,"href":"https:\/\/leopacquelet.com\/index.php\/wp-json\/wp\/v2\/comments?post=4717"}],"version-history":[{"count":163,"href":"https:\/\/leopacquelet.com\/index.php\/wp-json\/wp\/v2\/pages\/4717\/revisions"}],"predecessor-version":[{"id":7094,"href":"https:\/\/leopacquelet.com\/index.php\/wp-json\/wp\/v2\/pages\/4717\/revisions\/7094"}],"wp:attachment":[{"href":"https:\/\/leopacquelet.com\/index.php\/wp-json\/wp\/v2\/media?parent=4717"}],"wp:term":[{"taxonomy":"folder","embeddable":true,"href":"https:\/\/leopacquelet.com\/index.php\/wp-json\/wp\/v2\/folder?post=4717"}],"curies":[{"name":"wp","href":"https:\/\/api.w.org\/{rel}","templated":true}]}}