{"id":4966,"date":"2021-02-05T10:43:22","date_gmt":"2021-02-05T09:43:22","guid":{"rendered":"http:\/\/leopacquelet.com\/?page_id=4966"},"modified":"2024-01-14T19:53:49","modified_gmt":"2024-01-14T18:53:49","slug":"sculptures","status":"publish","type":"page","link":"http:\/\/leopacquelet.com\/index.php\/sculptures\/","title":{"rendered":"Sculptures"},"content":{"rendered":"\n<p><\/p>\n\n\n\n<div class=\"wp-block-columns is-layout-flex wp-container-core-columns-layout-1 wp-block-columns-is-layout-flex\">\n<div class=\"wp-block-column is-layout-flow wp-block-column-is-layout-flow\" style=\"flex-basis:100%\">\n<p class=\"has-text-align-left\">Chaque sculpture que je r\u00e9alise est une pi\u00e8ce originale en exemplaire unique. Je sculpte uniquement avec des outils manuels traditionnels, \u00e0 savoir des gouges et couteaux de sculpteur, des haches, ciseaux \u00e0 bois, r\u00e2pes, vastringues, racloirs&#8230;etc. Les seuls outils \u00e9lectriques que j&#8217;utilise (scie \u00e0 ruban, tron\u00e7onneuses) sont pour les \u00e9tapes de pr\u00e9paration des bois et de d\u00e9grossissage.<\/p>\n<\/div>\n<\/div>\n\n\n\n<p class=\"has-text-align-left\">Les bois que j&#8217;utilise sont principalement des essences europ\u00e9ennes et parfois des exotiques : merisier, tilleul, pommier, noyer, ch\u00eane, h\u00eatre, aulne, iroko. Le bois avec des dimensions int\u00e9ressantes pour la sculpture n&#8217;est pas toujours \u00e9vident \u00e0 trouver. Quand je le trouve chez des marchands, j&#8217;essaye de connaitre au mieux son origine. N\u00e9anmoins je pr\u00e9f\u00e8re quand je trouve des morceaux qui ont une histoire plus sp\u00e9cifique, telle un stock d&#8217;un ancien tourneur dans le Jura, l&#8217;arbre des voisins tomb\u00e9 pendant une temp\u00eate, un morceau provenant de la charpente de l&#8217;ancienne \u00e9cole maternelle de ma femme, ou m\u00eame un beau morceau trouv\u00e9 dans le bois de chauffage de mon p\u00e8re.<\/p>\n\n\n\n<p class=\"has-text-align-left\">Sur chaque sculpture j&#8217;applique une finition huil\u00e9e, qui nourrit, prot\u00e8ge et r\u00e9v\u00e8le toute la beaut\u00e9 du bois. Certaines pi\u00e8ces re\u00e7oivent en plus une couche de cire d&#8217;abeille ou de carnauba, qui apporte de la brillance.<\/p>\n\n\n\n<p class=\"has-text-align-left\">Si vous avez des questions ou des id\u00e9es de commandes, n&#8217;h\u00e9sitez pas \u00e0 me <a href=\"http:\/\/leopacquelet.com\/index.php\/contacts\/\">contacter<\/a>.<\/p>\n","protected":false},"excerpt":{"rendered":"<p>Chaque sculpture que je r\u00e9alise est une pi\u00e8ce originale en exemplaire unique. Je sculpte uniquement avec des outils manuels traditionnels, \u00e0 savoir des gouges et couteaux de sculpteur, des haches, ciseaux \u00e0 bois, r\u00e2pes, vastringues, racloirs&#8230;etc. Les seuls outils \u00e9lectriques que j&#8217;utilise (scie \u00e0 ruban, tron\u00e7onneuses) sont pour les \u00e9tapes de pr\u00e9paration des bois et&hellip;<\/p>\n","protected":false},"author":1,"featured_media":0,"parent":0,"menu_order":0,"comment_status":"closed","ping_status":"closed","template":"portfolio.php","meta":{"om_disable_all_campaigns":false,"_monsterinsights_skip_tracking":false,"_monsterinsights_sitenote_active":false,"_monsterinsights_sitenote_note":"","_monsterinsights_sitenote_category":0,"footnotes":""},"folder":[],"acf":[],"aioseo_notices":[],"yoast_head":"<!-- This site is optimized with the Yoast SEO plugin v21.7 - https:\/\/yoast.com\/wordpress\/plugins\/seo\/ -->\n<title>Sculptures - Leo Pacquelet<\/title>\n<meta name=\"description\" content=\"Chaque sculpture que je r\u00e9alise est une pi\u00e8ce originale en exemplaire unique. Je sculpte uniquement avec des outils manuels traditionnels.\" \/>\n<meta name=\"robots\" content=\"index, follow, max-snippet:-1, max-image-preview:large, max-video-preview:-1\" \/>\n<link rel=\"canonical\" href=\"http:\/\/leopacquelet.com\/index.php\/sculptures\/\" \/>\n<meta property=\"og:locale\" content=\"en_US\" \/>\n<meta property=\"og:type\" content=\"article\" \/>\n<meta property=\"og:title\" content=\"Sculptures - Leo Pacquelet\" \/>\n<meta property=\"og:description\" content=\"Chaque sculpture que je r\u00e9alise est une pi\u00e8ce originale en exemplaire unique. Je sculpte uniquement avec des outils manuels traditionnels.\" \/>\n<meta property=\"og:url\" content=\"http:\/\/leopacquelet.com\/index.php\/sculptures\/\" \/>\n<meta property=\"og:site_name\" content=\"Leo Pacquelet\" \/>\n<meta property=\"article:modified_time\" content=\"2024-01-14T18:53:49+00:00\" \/>\n<meta name=\"twitter:card\" content=\"summary_large_image\" \/>\n<meta name=\"twitter:label1\" content=\"Est. reading time\" \/>\n\t<meta name=\"twitter:data1\" content=\"1 minute\" \/>\n<script type=\"application\/ld+json\" class=\"yoast-schema-graph\">{\"@context\":\"https:\/\/schema.org\",\"@graph\":[{\"@type\":\"WebPage\",\"@id\":\"http:\/\/leopacquelet.com\/index.php\/sculptures\/\",\"url\":\"http:\/\/leopacquelet.com\/index.php\/sculptures\/\",\"name\":\"Sculptures - Leo Pacquelet\",\"isPartOf\":{\"@id\":\"http:\/\/leopacquelet.com\/#website\"},\"datePublished\":\"2021-02-05T09:43:22+00:00\",\"dateModified\":\"2024-01-14T18:53:49+00:00\",\"description\":\"Chaque sculpture que je r\u00e9alise est une pi\u00e8ce originale en exemplaire unique. Je sculpte uniquement avec des outils manuels traditionnels.\",\"breadcrumb\":{\"@id\":\"http:\/\/leopacquelet.com\/index.php\/sculptures\/#breadcrumb\"},\"inLanguage\":\"en-US\",\"potentialAction\":[{\"@type\":\"ReadAction\",\"target\":[\"http:\/\/leopacquelet.com\/index.php\/sculptures\/\"]}]},{\"@type\":\"BreadcrumbList\",\"@id\":\"http:\/\/leopacquelet.com\/index.php\/sculptures\/#breadcrumb\",\"itemListElement\":[{\"@type\":\"ListItem\",\"position\":1,\"name\":\"Accueil\",\"item\":\"http:\/\/leopacquelet.com\/\"},{\"@type\":\"ListItem\",\"position\":2,\"name\":\"Sculptures\"}]},{\"@type\":\"WebSite\",\"@id\":\"http:\/\/leopacquelet.com\/#website\",\"url\":\"http:\/\/leopacquelet.com\/\",\"name\":\"Leo Pacquelet\",\"description\":\"Leo Pacquelet is a french woodcarver based in Belgium\",\"potentialAction\":[{\"@type\":\"SearchAction\",\"target\":{\"@type\":\"EntryPoint\",\"urlTemplate\":\"http:\/\/leopacquelet.com\/?s={search_term_string}\"},\"query-input\":\"required name=search_term_string\"}],\"inLanguage\":\"en-US\"}]}<\/script>\n<!-- \/ Yoast SEO plugin. -->","yoast_head_json":{"title":"Sculptures - Leo Pacquelet","description":"Chaque sculpture que je r\u00e9alise est une pi\u00e8ce originale en exemplaire unique. Je sculpte uniquement avec des outils manuels traditionnels.","robots":{"index":"index","follow":"follow","max-snippet":"max-snippet:-1","max-image-preview":"max-image-preview:large","max-video-preview":"max-video-preview:-1"},"canonical":"http:\/\/leopacquelet.com\/index.php\/sculptures\/","og_locale":"en_US","og_type":"article","og_title":"Sculptures - Leo Pacquelet","og_description":"Chaque sculpture que je r\u00e9alise est une pi\u00e8ce originale en exemplaire unique. Je sculpte uniquement avec des outils manuels traditionnels.","og_url":"http:\/\/leopacquelet.com\/index.php\/sculptures\/","og_site_name":"Leo Pacquelet","article_modified_time":"2024-01-14T18:53:49+00:00","twitter_card":"summary_large_image","twitter_misc":{"Est. reading time":"1 minute"},"schema":{"@context":"https:\/\/schema.org","@graph":[{"@type":"WebPage","@id":"http:\/\/leopacquelet.com\/index.php\/sculptures\/","url":"http:\/\/leopacquelet.com\/index.php\/sculptures\/","name":"Sculptures - Leo Pacquelet","isPartOf":{"@id":"http:\/\/leopacquelet.com\/#website"},"datePublished":"2021-02-05T09:43:22+00:00","dateModified":"2024-01-14T18:53:49+00:00","description":"Chaque sculpture que je r\u00e9alise est une pi\u00e8ce originale en exemplaire unique. Je sculpte uniquement avec des outils manuels traditionnels.","breadcrumb":{"@id":"http:\/\/leopacquelet.com\/index.php\/sculptures\/#breadcrumb"},"inLanguage":"en-US","potentialAction":[{"@type":"ReadAction","target":["http:\/\/leopacquelet.com\/index.php\/sculptures\/"]}]},{"@type":"BreadcrumbList","@id":"http:\/\/leopacquelet.com\/index.php\/sculptures\/#breadcrumb","itemListElement":[{"@type":"ListItem","position":1,"name":"Accueil","item":"http:\/\/leopacquelet.com\/"},{"@type":"ListItem","position":2,"name":"Sculptures"}]},{"@type":"WebSite","@id":"http:\/\/leopacquelet.com\/#website","url":"http:\/\/leopacquelet.com\/","name":"Leo Pacquelet","description":"Leo Pacquelet is a french woodcarver based in Belgium","potentialAction":[{"@type":"SearchAction","target":{"@type":"EntryPoint","urlTemplate":"http:\/\/leopacquelet.com\/?s={search_term_string}"},"query-input":"required name=search_term_string"}],"inLanguage":"en-US"}]}},"_links":{"self":[{"href":"http:\/\/leopacquelet.com\/index.php\/wp-json\/wp\/v2\/pages\/4966"}],"collection":[{"href":"http:\/\/leopacquelet.com\/index.php\/wp-json\/wp\/v2\/pages"}],"about":[{"href":"http:\/\/leopacquelet.com\/index.php\/wp-json\/wp\/v2\/types\/page"}],"author":[{"embeddable":true,"href":"http:\/\/leopacquelet.com\/index.php\/wp-json\/wp\/v2\/users\/1"}],"replies":[{"embeddable":true,"href":"http:\/\/leopacquelet.com\/index.php\/wp-json\/wp\/v2\/comments?post=4966"}],"version-history":[{"count":32,"href":"http:\/\/leopacquelet.com\/index.php\/wp-json\/wp\/v2\/pages\/4966\/revisions"}],"predecessor-version":[{"id":7101,"href":"http:\/\/leopacquelet.com\/index.php\/wp-json\/wp\/v2\/pages\/4966\/revisions\/7101"}],"wp:attachment":[{"href":"http:\/\/leopacquelet.com\/index.php\/wp-json\/wp\/v2\/media?parent=4966"}],"wp:term":[{"taxonomy":"folder","embeddable":true,"href":"http:\/\/leopacquelet.com\/index.php\/wp-json\/wp\/v2\/folder?post=4966"}],"curies":[{"name":"wp","href":"https:\/\/api.w.org\/{rel}","templated":true}]}}